{"id":6,"date":"2026-03-17T09:07:49","date_gmt":"2026-03-17T09:07:49","guid":{"rendered":"https:\/\/begogarciaabogada.rkinformatika.online\/?page_id=6"},"modified":"2026-03-18T12:09:09","modified_gmt":"2026-03-18T12:09:09","slug":"servicios","status":"publish","type":"page","link":"https:\/\/begogarciaabogada.com\/en\/servicios\/","title":{"rendered":"Services"},"content":{"rendered":"<div data-elementor-type=\"wp-page\" data-elementor-id=\"6\" class=\"elementor elementor-6\" data-elementor-post-type=\"page\">\n\t\t\t\t<div class=\"elementor-element elementor-element-a2667bf e-con-full e-flex e-con e-parent\" data-id=\"a2667bf\" data-element_type=\"container\" data-e-type=\"container\" data-settings=\"{&quot;background_background&quot;:&quot;classic&quot;}\">\n\t\t\t\t<\/div>\n\t\t<div class=\"elementor-element elementor-element-73efe67 e-flex e-con-boxed e-con e-parent\" data-id=\"73efe67\" data-element_type=\"container\" data-e-type=\"container\">\n\t\t\t\t\t<div class=\"e-con-inner\">\n\t\t\t\t<div class=\"elementor-element elementor-element-cb47c34 elementor-widget elementor-widget-heading\" data-id=\"cb47c34\" data-element_type=\"widget\" data-e-type=\"widget\" data-widget_type=\"heading.default\">\n\t\t\t\t\t<h2 class=\"elementor-heading-title elementor-size-default\">Nuestros Servicios<\/h2>\t\t\t\t<\/div>\n\t\t\t\t<div class=\"elementor-element elementor-element-a7fa380 elementor-widget elementor-widget-text-editor\" data-id=\"a7fa380\" data-element_type=\"widget\" data-e-type=\"widget\" data-widget_type=\"text-editor.default\">\n\t\t\t\t\t\t\t\t\t<p>Consultas legales de todo tipo, servicios jur\u00eddicos y asistencia legal especializada para resolver una amplia gama de problemas y preocupaciones legales que puedan surgir en la vida cotidiana.<\/p>\t\t\t\t\t\t\t\t<\/div>\n\t\t\t\t\t<\/div>\n\t\t\t\t<\/div>\n\t\t<div class=\"elementor-element elementor-element-b1d8f56 e-flex e-con-boxed e-con e-parent\" data-id=\"b1d8f56\" data-element_type=\"container\" data-e-type=\"container\">\n\t\t\t\t\t<div class=\"e-con-inner\">\n\t\t<div class=\"elementor-element elementor-element-1bc6e8c e-con-full e-flex elementor-invisible e-con e-child\" data-id=\"1bc6e8c\" data-element_type=\"container\" data-e-type=\"container\" data-settings=\"{&quot;background_background&quot;:&quot;classic&quot;,&quot;animation&quot;:&quot;fadeInRight&quot;}\">\n\t\t\t\t<div class=\"elementor-element elementor-element-664a999 elementor-widget elementor-widget-heading\" data-id=\"664a999\" data-element_type=\"widget\" data-e-type=\"widget\" data-widget_type=\"heading.default\">\n\t\t\t\t\t<h2 class=\"elementor-heading-title elementor-size-default\">Consultas legales<\/h2>\t\t\t\t<\/div>\n\t\t\t\t<\/div>\n\t\t<div class=\"elementor-element elementor-element-bb8fdc7 e-con-full e-flex elementor-invisible e-con e-child\" data-id=\"bb8fdc7\" data-element_type=\"container\" data-e-type=\"container\" data-settings=\"{&quot;background_background&quot;:&quot;classic&quot;,&quot;animation&quot;:&quot;fadeInLeft&quot;}\">\n\t\t\t\t<div class=\"elementor-element elementor-element-7b229e4 elementor-widget elementor-widget-image\" data-id=\"7b229e4\" data-element_type=\"widget\" data-e-type=\"widget\" data-widget_type=\"image.default\">\n\t\t\t\t\t\t\t\t\t\t\t\t\t\t\t<img fetchpriority=\"high\" decoding=\"async\" width=\"800\" height=\"534\" src=\"https:\/\/begogarciaabogada.com\/wp-content\/uploads\/2026\/03\/multiethnic-colleagues-on-business-meeting-2026-01-07-07-10-25-utc-1024x683.jpg\" class=\"attachment-large size-large wp-image-187\" alt=\"\" srcset=\"https:\/\/begogarciaabogada.com\/wp-content\/uploads\/2026\/03\/multiethnic-colleagues-on-business-meeting-2026-01-07-07-10-25-utc-1024x683.jpg 1024w, https:\/\/begogarciaabogada.com\/wp-content\/uploads\/2026\/03\/multiethnic-colleagues-on-business-meeting-2026-01-07-07-10-25-utc-300x200.jpg 300w, https:\/\/begogarciaabogada.com\/wp-content\/uploads\/2026\/03\/multiethnic-colleagues-on-business-meeting-2026-01-07-07-10-25-utc-768x512.jpg 768w, https:\/\/begogarciaabogada.com\/wp-content\/uploads\/2026\/03\/multiethnic-colleagues-on-business-meeting-2026-01-07-07-10-25-utc-1536x1024.jpg 1536w, https:\/\/begogarciaabogada.com\/wp-content\/uploads\/2026\/03\/multiethnic-colleagues-on-business-meeting-2026-01-07-07-10-25-utc-2048x1365.jpg 2048w, https:\/\/begogarciaabogada.com\/wp-content\/uploads\/2026\/03\/multiethnic-colleagues-on-business-meeting-2026-01-07-07-10-25-utc-18x12.jpg 18w\" sizes=\"(max-width: 800px) 100vw, 800px\" \/>\t\t\t\t\t\t\t\t\t\t\t\t\t\t\t<\/div>\n\t\t\t\t<\/div>\n\t\t\t\t\t<\/div>\n\t\t\t\t<\/div>\n\t\t<div class=\"elementor-element elementor-element-b74d243 e-flex e-con-boxed e-con e-parent\" data-id=\"b74d243\" data-element_type=\"container\" data-e-type=\"container\">\n\t\t\t\t\t<div class=\"e-con-inner\">\n\t\t<div class=\"elementor-element elementor-element-781bd40 e-con-full e-flex elementor-invisible e-con e-child\" data-id=\"781bd40\" data-element_type=\"container\" data-e-type=\"container\" data-settings=\"{&quot;background_background&quot;:&quot;classic&quot;,&quot;animation&quot;:&quot;fadeInLeft&quot;}\">\n\t\t\t\t<div class=\"elementor-element elementor-element-52050c3 elementor-widget elementor-widget-image\" data-id=\"52050c3\" data-element_type=\"widget\" data-e-type=\"widget\" data-widget_type=\"image.default\">\n\t\t\t\t\t\t\t\t\t\t\t\t\t\t\t<img decoding=\"async\" width=\"800\" height=\"534\" src=\"https:\/\/begogarciaabogada.com\/wp-content\/uploads\/2026\/03\/male-lawyer-or-counselor-working-in-courtroom-have-2026-01-07-01-35-58-utc-1024x683.jpg\" class=\"attachment-large size-large wp-image-185\" alt=\"\" srcset=\"https:\/\/begogarciaabogada.com\/wp-content\/uploads\/2026\/03\/male-lawyer-or-counselor-working-in-courtroom-have-2026-01-07-01-35-58-utc-1024x683.jpg 1024w, https:\/\/begogarciaabogada.com\/wp-content\/uploads\/2026\/03\/male-lawyer-or-counselor-working-in-courtroom-have-2026-01-07-01-35-58-utc-300x200.jpg 300w, https:\/\/begogarciaabogada.com\/wp-content\/uploads\/2026\/03\/male-lawyer-or-counselor-working-in-courtroom-have-2026-01-07-01-35-58-utc-768x512.jpg 768w, https:\/\/begogarciaabogada.com\/wp-content\/uploads\/2026\/03\/male-lawyer-or-counselor-working-in-courtroom-have-2026-01-07-01-35-58-utc-1536x1024.jpg 1536w, https:\/\/begogarciaabogada.com\/wp-content\/uploads\/2026\/03\/male-lawyer-or-counselor-working-in-courtroom-have-2026-01-07-01-35-58-utc-2048x1365.jpg 2048w, https:\/\/begogarciaabogada.com\/wp-content\/uploads\/2026\/03\/male-lawyer-or-counselor-working-in-courtroom-have-2026-01-07-01-35-58-utc-18x12.jpg 18w\" sizes=\"(max-width: 800px) 100vw, 800px\" \/>\t\t\t\t\t\t\t\t\t\t\t\t\t\t\t<\/div>\n\t\t\t\t<\/div>\n\t\t<div class=\"elementor-element elementor-element-4bbb146 e-con-full e-flex elementor-invisible e-con e-child\" data-id=\"4bbb146\" data-element_type=\"container\" data-e-type=\"container\" data-settings=\"{&quot;background_background&quot;:&quot;classic&quot;,&quot;animation&quot;:&quot;fadeInRight&quot;}\">\n\t\t\t\t<div class=\"elementor-element elementor-element-34ef4b9 elementor-widget elementor-widget-heading\" data-id=\"34ef4b9\" data-element_type=\"widget\" data-e-type=\"widget\" data-widget_type=\"heading.default\">\n\t\t\t\t\t<h2 class=\"elementor-heading-title elementor-size-default\">servicios jur\u00eddicos<\/h2>\t\t\t\t<\/div>\n\t\t\t\t<\/div>\n\t\t\t\t\t<\/div>\n\t\t\t\t<\/div>\n\t\t<div class=\"elementor-element elementor-element-a00c8eb e-flex e-con-boxed e-con e-parent\" data-id=\"a00c8eb\" data-element_type=\"container\" data-e-type=\"container\">\n\t\t\t\t\t<div class=\"e-con-inner\">\n\t\t<div class=\"elementor-element elementor-element-040f93e e-con-full e-flex elementor-invisible e-con e-child\" data-id=\"040f93e\" data-element_type=\"container\" data-e-type=\"container\" data-settings=\"{&quot;background_background&quot;:&quot;classic&quot;,&quot;animation&quot;:&quot;fadeInRight&quot;}\">\n\t\t\t\t<div class=\"elementor-element elementor-element-adab55a elementor-widget elementor-widget-heading\" data-id=\"adab55a\" data-element_type=\"widget\" data-e-type=\"widget\" data-widget_type=\"heading.default\">\n\t\t\t\t\t<h2 class=\"elementor-heading-title elementor-size-default\">asistencia legal especializada<\/h2>\t\t\t\t<\/div>\n\t\t\t\t<\/div>\n\t\t<div class=\"elementor-element elementor-element-8a17b02 e-con-full e-flex elementor-invisible e-con e-child\" data-id=\"8a17b02\" data-element_type=\"container\" data-e-type=\"container\" data-settings=\"{&quot;background_background&quot;:&quot;classic&quot;,&quot;animation&quot;:&quot;fadeInLeft&quot;}\">\n\t\t\t\t<div class=\"elementor-element elementor-element-7c6224a elementor-widget elementor-widget-image\" data-id=\"7c6224a\" data-element_type=\"widget\" data-e-type=\"widget\" data-widget_type=\"image.default\">\n\t\t\t\t\t\t\t\t\t\t\t\t\t\t\t<img decoding=\"async\" width=\"800\" height=\"534\" src=\"https:\/\/begogarciaabogada.com\/wp-content\/uploads\/2026\/03\/asian-female-lawyer-explaining-legal-details-to-cl-2026-01-07-05-29-38-utc-1024x683.jpg\" class=\"attachment-large size-large wp-image-186\" alt=\"\" srcset=\"https:\/\/begogarciaabogada.com\/wp-content\/uploads\/2026\/03\/asian-female-lawyer-explaining-legal-details-to-cl-2026-01-07-05-29-38-utc-1024x683.jpg 1024w, https:\/\/begogarciaabogada.com\/wp-content\/uploads\/2026\/03\/asian-female-lawyer-explaining-legal-details-to-cl-2026-01-07-05-29-38-utc-300x200.jpg 300w, https:\/\/begogarciaabogada.com\/wp-content\/uploads\/2026\/03\/asian-female-lawyer-explaining-legal-details-to-cl-2026-01-07-05-29-38-utc-768x512.jpg 768w, https:\/\/begogarciaabogada.com\/wp-content\/uploads\/2026\/03\/asian-female-lawyer-explaining-legal-details-to-cl-2026-01-07-05-29-38-utc-1536x1024.jpg 1536w, https:\/\/begogarciaabogada.com\/wp-content\/uploads\/2026\/03\/asian-female-lawyer-explaining-legal-details-to-cl-2026-01-07-05-29-38-utc-2048x1365.jpg 2048w, https:\/\/begogarciaabogada.com\/wp-content\/uploads\/2026\/03\/asian-female-lawyer-explaining-legal-details-to-cl-2026-01-07-05-29-38-utc-18x12.jpg 18w\" sizes=\"(max-width: 800px) 100vw, 800px\" \/>\t\t\t\t\t\t\t\t\t\t\t\t\t\t\t<\/div>\n\t\t\t\t<\/div>\n\t\t\t\t\t<\/div>\n\t\t\t\t<\/div>\n\t\t<div class=\"elementor-element elementor-element-8bade9b e-con-full e-flex e-con e-parent\" data-id=\"8bade9b\" data-element_type=\"container\" data-e-type=\"container\" data-settings=\"{&quot;background_background&quot;:&quot;classic&quot;}\">\n\t\t\t\t<div class=\"elementor-element elementor-element-57a6857 elementor-widget-tablet__width-initial elementor-invisible elementor-widget elementor-widget-heading\" data-id=\"57a6857\" data-element_type=\"widget\" data-e-type=\"widget\" data-settings=\"{&quot;_animation&quot;:&quot;fadeInLeft&quot;}\" data-widget_type=\"heading.default\">\n\t\t\t\t\t<h3 class=\"elementor-heading-title elementor-size-default\">\u00a1Tu tranquilidad es nuestra prioridad en cada asunto legal!<\/h3>\t\t\t\t<\/div>\n\t\t\t\t<div class=\"elementor-element elementor-element-700f8d5 elementor-align-center elementor-tablet-align-left elementor-invisible elementor-widget elementor-widget-button\" data-id=\"700f8d5\" data-element_type=\"widget\" data-e-type=\"widget\" data-settings=\"{&quot;_animation&quot;:&quot;fadeInLeft&quot;}\" data-widget_type=\"button.default\">\n\t\t\t\t\t\t\t\t\t\t<a class=\"elementor-button elementor-button-link elementor-size-sm elementor-animation-grow\" href=\"https:\/\/begogarciaabogada.com\/en\/contacto\/\">\n\t\t\t\t\t\t<span class=\"elementor-button-content-wrapper\">\n\t\t\t\t\t\t\t\t\t<span class=\"elementor-button-text\">\u00a1Cont\u00e1ctanos!<\/span>\n\t\t\t\t\t<\/span>\n\t\t\t\t\t<\/a>\n\t\t\t\t\t\t\t\t<\/div>\n\t\t\t\t<\/div>\n\t\t\t\t<\/div>","protected":false},"excerpt":{"rendered":"<p>Nuestros Servicios Consultas legales de todo tipo, servicios jur\u00eddicos y asistencia legal especializada para resolver una amplia gama de problemas y preocupaciones legales que puedan surgir en la vida cotidiana. Consultas legales servicios jur\u00eddicos asistencia legal especializada \u00a1Tu tranquilidad es nuestra prioridad en cada asunto legal! \u00a1Cont\u00e1ctanos!<\/p>","protected":false},"author":1,"featured_media":0,"parent":0,"menu_order":0,"comment_status":"closed","ping_status":"closed","template":"elementor_canvas","meta":{"footnotes":""},"class_list":["post-6","page","type-page","status-publish","hentry"],"yoast_head":"<!-- This site is optimized with the Yoast SEO plugin v27.3 - https:\/\/yoast.com\/product\/yoast-seo-wordpress\/ -->\n<title>Servicios - Bego\u00f1a Garc\u00eda Abogada<\/title>\n<meta name=\"robots\" content=\"index, follow, max-snippet:-1, max-image-preview:large, max-video-preview:-1\" \/>\n<link rel=\"canonical\" href=\"https:\/\/begogarciaabogada.com\/en\/servicios\/\" \/>\n<meta property=\"og:locale\" content=\"en_GB\" \/>\n<meta property=\"og:type\" content=\"article\" \/>\n<meta property=\"og:title\" content=\"Servicios - Bego\u00f1a Garc\u00eda Abogada\" \/>\n<meta property=\"og:description\" content=\"Nuestros Servicios Consultas legales de todo tipo, servicios jur\u00eddicos y asistencia legal especializada para resolver una amplia gama de problemas y preocupaciones legales que puedan surgir en la vida cotidiana. Consultas legales servicios jur\u00eddicos asistencia legal especializada \u00a1Tu tranquilidad es nuestra prioridad en cada asunto legal! \u00a1Cont\u00e1ctanos!\" \/>\n<meta property=\"og:url\" content=\"https:\/\/begogarciaabogada.com\/en\/servicios\/\" \/>\n<meta property=\"og:site_name\" content=\"Bego\u00f1a Garc\u00eda Abogada\" \/>\n<meta property=\"article:modified_time\" content=\"2026-03-18T12:09:09+00:00\" \/>\n<meta property=\"og:image\" content=\"https:\/\/begogarciaabogada.com\/wp-content\/uploads\/2026\/03\/multiethnic-colleagues-on-business-meeting-2026-01-07-07-10-25-utc-1024x683.jpg\" \/>\n<meta name=\"twitter:card\" content=\"summary_large_image\" \/>\n<meta name=\"twitter:label1\" content=\"Estimated reading time\" \/>\n\t<meta name=\"twitter:data1\" content=\"1 minute\" \/>\n<script type=\"application\/ld+json\" class=\"yoast-schema-graph\">{\"@context\":\"https:\\\/\\\/schema.org\",\"@graph\":[{\"@type\":\"WebPage\",\"@id\":\"https:\\\/\\\/begogarciaabogada.com\\\/servicios\\\/\",\"url\":\"https:\\\/\\\/begogarciaabogada.com\\\/servicios\\\/\",\"name\":\"Servicios - Bego\u00f1a Garc\u00eda Abogada\",\"isPartOf\":{\"@id\":\"https:\\\/\\\/begogarciaabogada.com\\\/#website\"},\"primaryImageOfPage\":{\"@id\":\"https:\\\/\\\/begogarciaabogada.com\\\/servicios\\\/#primaryimage\"},\"image\":{\"@id\":\"https:\\\/\\\/begogarciaabogada.com\\\/servicios\\\/#primaryimage\"},\"thumbnailUrl\":\"https:\\\/\\\/begogarciaabogada.com\\\/wp-content\\\/uploads\\\/2026\\\/03\\\/multiethnic-colleagues-on-business-meeting-2026-01-07-07-10-25-utc-1024x683.jpg\",\"datePublished\":\"2026-03-17T09:07:49+00:00\",\"dateModified\":\"2026-03-18T12:09:09+00:00\",\"breadcrumb\":{\"@id\":\"https:\\\/\\\/begogarciaabogada.com\\\/servicios\\\/#breadcrumb\"},\"inLanguage\":\"en-GB\",\"potentialAction\":[{\"@type\":\"ReadAction\",\"target\":[\"https:\\\/\\\/begogarciaabogada.com\\\/servicios\\\/\"]}]},{\"@type\":\"ImageObject\",\"inLanguage\":\"en-GB\",\"@id\":\"https:\\\/\\\/begogarciaabogada.com\\\/servicios\\\/#primaryimage\",\"url\":\"https:\\\/\\\/begogarciaabogada.com\\\/wp-content\\\/uploads\\\/2026\\\/03\\\/multiethnic-colleagues-on-business-meeting-2026-01-07-07-10-25-utc-1024x683.jpg\",\"contentUrl\":\"https:\\\/\\\/begogarciaabogada.com\\\/wp-content\\\/uploads\\\/2026\\\/03\\\/multiethnic-colleagues-on-business-meeting-2026-01-07-07-10-25-utc-1024x683.jpg\"},{\"@type\":\"BreadcrumbList\",\"@id\":\"https:\\\/\\\/begogarciaabogada.com\\\/servicios\\\/#breadcrumb\",\"itemListElement\":[{\"@type\":\"ListItem\",\"position\":1,\"name\":\"Portada\",\"item\":\"https:\\\/\\\/begogarciaabogada.com\\\/\"},{\"@type\":\"ListItem\",\"position\":2,\"name\":\"Servicios\"}]},{\"@type\":\"WebSite\",\"@id\":\"https:\\\/\\\/begogarciaabogada.com\\\/#website\",\"url\":\"https:\\\/\\\/begogarciaabogada.com\\\/\",\"name\":\"Bego\u00f1a Garc\u00eda Abogada\",\"description\":\"Bego\u00f1a Garc\u00eda Abogada \",\"publisher\":{\"@id\":\"https:\\\/\\\/begogarciaabogada.com\\\/#organization\"},\"potentialAction\":[{\"@type\":\"SearchAction\",\"target\":{\"@type\":\"EntryPoint\",\"urlTemplate\":\"https:\\\/\\\/begogarciaabogada.com\\\/?s={search_term_string}\"},\"query-input\":{\"@type\":\"PropertyValueSpecification\",\"valueRequired\":true,\"valueName\":\"search_term_string\"}}],\"inLanguage\":\"en-GB\"},{\"@type\":\"Organization\",\"@id\":\"https:\\\/\\\/begogarciaabogada.com\\\/#organization\",\"name\":\"Bego\u00f1a Garc\u00eda Abogada\",\"url\":\"https:\\\/\\\/begogarciaabogada.com\\\/\",\"logo\":{\"@type\":\"ImageObject\",\"inLanguage\":\"en-GB\",\"@id\":\"https:\\\/\\\/begogarciaabogada.com\\\/#\\\/schema\\\/logo\\\/image\\\/\",\"url\":\"https:\\\/\\\/begogarciaabogada.com\\\/wp-content\\\/uploads\\\/2026\\\/03\\\/logo_web.png\",\"contentUrl\":\"https:\\\/\\\/begogarciaabogada.com\\\/wp-content\\\/uploads\\\/2026\\\/03\\\/logo_web.png\",\"width\":2250,\"height\":1177,\"caption\":\"Bego\u00f1a Garc\u00eda Abogada \"},\"image\":{\"@id\":\"https:\\\/\\\/begogarciaabogada.com\\\/#\\\/schema\\\/logo\\\/image\\\/\"}}]}<\/script>\n<!-- \/ Yoast SEO plugin. -->","yoast_head_json":{"title":"Servicios - Bego\u00f1a Garc\u00eda Abogada","robots":{"index":"index","follow":"follow","max-snippet":"max-snippet:-1","max-image-preview":"max-image-preview:large","max-video-preview":"max-video-preview:-1"},"canonical":"https:\/\/begogarciaabogada.com\/en\/servicios\/","og_locale":"en_GB","og_type":"article","og_title":"Servicios - Bego\u00f1a Garc\u00eda Abogada","og_description":"Nuestros Servicios Consultas legales de todo tipo, servicios jur\u00eddicos y asistencia legal especializada para resolver una amplia gama de problemas y preocupaciones legales que puedan surgir en la vida cotidiana. Consultas legales servicios jur\u00eddicos asistencia legal especializada \u00a1Tu tranquilidad es nuestra prioridad en cada asunto legal! \u00a1Cont\u00e1ctanos!","og_url":"https:\/\/begogarciaabogada.com\/en\/servicios\/","og_site_name":"Bego\u00f1a Garc\u00eda Abogada","article_modified_time":"2026-03-18T12:09:09+00:00","og_image":[{"url":"https:\/\/begogarciaabogada.com\/wp-content\/uploads\/2026\/03\/multiethnic-colleagues-on-business-meeting-2026-01-07-07-10-25-utc-1024x683.jpg","type":"","width":"","height":""}],"twitter_card":"summary_large_image","twitter_misc":{"Estimated reading time":"1 minute"},"schema":{"@context":"https:\/\/schema.org","@graph":[{"@type":"WebPage","@id":"https:\/\/begogarciaabogada.com\/servicios\/","url":"https:\/\/begogarciaabogada.com\/servicios\/","name":"Servicios - Bego\u00f1a Garc\u00eda Abogada","isPartOf":{"@id":"https:\/\/begogarciaabogada.com\/#website"},"primaryImageOfPage":{"@id":"https:\/\/begogarciaabogada.com\/servicios\/#primaryimage"},"image":{"@id":"https:\/\/begogarciaabogada.com\/servicios\/#primaryimage"},"thumbnailUrl":"https:\/\/begogarciaabogada.com\/wp-content\/uploads\/2026\/03\/multiethnic-colleagues-on-business-meeting-2026-01-07-07-10-25-utc-1024x683.jpg","datePublished":"2026-03-17T09:07:49+00:00","dateModified":"2026-03-18T12:09:09+00:00","breadcrumb":{"@id":"https:\/\/begogarciaabogada.com\/servicios\/#breadcrumb"},"inLanguage":"en-GB","potentialAction":[{"@type":"ReadAction","target":["https:\/\/begogarciaabogada.com\/servicios\/"]}]},{"@type":"ImageObject","inLanguage":"en-GB","@id":"https:\/\/begogarciaabogada.com\/servicios\/#primaryimage","url":"https:\/\/begogarciaabogada.com\/wp-content\/uploads\/2026\/03\/multiethnic-colleagues-on-business-meeting-2026-01-07-07-10-25-utc-1024x683.jpg","contentUrl":"https:\/\/begogarciaabogada.com\/wp-content\/uploads\/2026\/03\/multiethnic-colleagues-on-business-meeting-2026-01-07-07-10-25-utc-1024x683.jpg"},{"@type":"BreadcrumbList","@id":"https:\/\/begogarciaabogada.com\/servicios\/#breadcrumb","itemListElement":[{"@type":"ListItem","position":1,"name":"Portada","item":"https:\/\/begogarciaabogada.com\/"},{"@type":"ListItem","position":2,"name":"Servicios"}]},{"@type":"WebSite","@id":"https:\/\/begogarciaabogada.com\/#website","url":"https:\/\/begogarciaabogada.com\/","name":"Bego\u00f1a Garc\u00eda Abogada","description":"Bego\u00f1a Garc\u00eda Abogada","publisher":{"@id":"https:\/\/begogarciaabogada.com\/#organization"},"potentialAction":[{"@type":"SearchAction","target":{"@type":"EntryPoint","urlTemplate":"https:\/\/begogarciaabogada.com\/?s={search_term_string}"},"query-input":{"@type":"PropertyValueSpecification","valueRequired":true,"valueName":"search_term_string"}}],"inLanguage":"en-GB"},{"@type":"Organization","@id":"https:\/\/begogarciaabogada.com\/#organization","name":"Bego\u00f1a Garc\u00eda Abogada","url":"https:\/\/begogarciaabogada.com\/","logo":{"@type":"ImageObject","inLanguage":"en-GB","@id":"https:\/\/begogarciaabogada.com\/#\/schema\/logo\/image\/","url":"https:\/\/begogarciaabogada.com\/wp-content\/uploads\/2026\/03\/logo_web.png","contentUrl":"https:\/\/begogarciaabogada.com\/wp-content\/uploads\/2026\/03\/logo_web.png","width":2250,"height":1177,"caption":"Bego\u00f1a Garc\u00eda Abogada "},"image":{"@id":"https:\/\/begogarciaabogada.com\/#\/schema\/logo\/image\/"}}]}},"_links":{"self":[{"href":"https:\/\/begogarciaabogada.com\/en\/wp-json\/wp\/v2\/pages\/6","targetHints":{"allow":["GET"]}}],"collection":[{"href":"https:\/\/begogarciaabogada.com\/en\/wp-json\/wp\/v2\/pages"}],"about":[{"href":"https:\/\/begogarciaabogada.com\/en\/wp-json\/wp\/v2\/types\/page"}],"author":[{"embeddable":true,"href":"https:\/\/begogarciaabogada.com\/en\/wp-json\/wp\/v2\/users\/1"}],"replies":[{"embeddable":true,"href":"https:\/\/begogarciaabogada.com\/en\/wp-json\/wp\/v2\/comments?post=6"}],"version-history":[{"count":82,"href":"https:\/\/begogarciaabogada.com\/en\/wp-json\/wp\/v2\/pages\/6\/revisions"}],"predecessor-version":[{"id":426,"href":"https:\/\/begogarciaabogada.com\/en\/wp-json\/wp\/v2\/pages\/6\/revisions\/426"}],"wp:attachment":[{"href":"https:\/\/begogarciaabogada.com\/en\/wp-json\/wp\/v2\/media?parent=6"}],"curies":[{"name":"wp","href":"https:\/\/api.w.org\/{rel}","templated":true}]}}