{"id":2,"date":"2026-03-17T08:56:59","date_gmt":"2026-03-17T08:56:59","guid":{"rendered":"https:\/\/begogarciaabogada.rkinformatika.online\/?page_id=2"},"modified":"2026-03-18T10:01:25","modified_gmt":"2026-03-18T10:01:25","slug":"inicio","status":"publish","type":"page","link":"https:\/\/begogarciaabogada.com\/en\/","title":{"rendered":"Home"},"content":{"rendered":"<div data-elementor-type=\"wp-page\" data-elementor-id=\"2\" class=\"elementor elementor-2\" data-elementor-post-type=\"page\">\n\t\t\t\t<div class=\"elementor-element elementor-element-f9af3ad e-con-full e-flex e-con e-parent\" data-id=\"f9af3ad\" data-element_type=\"container\" data-e-type=\"container\" data-settings=\"{&quot;background_background&quot;:&quot;classic&quot;}\">\n\t\t\t\t<div class=\"elementor-element elementor-element-e3b2a27 elementor-widget__width-initial elementor-invisible elementor-widget elementor-widget-heading\" data-id=\"e3b2a27\" data-element_type=\"widget\" data-e-type=\"widget\" data-settings=\"{&quot;_animation&quot;:&quot;zoomInRight&quot;}\" data-widget_type=\"heading.default\">\n\t\t\t\t\t<h2 class=\"elementor-heading-title elementor-size-default\">Legal services and advice <\/h2>\t\t\t\t<\/div>\n\t\t\t\t<\/div>\n\t\t<div class=\"elementor-element elementor-element-ba3a325 e-flex e-con-boxed e-con e-parent\" data-id=\"ba3a325\" data-element_type=\"container\" data-e-type=\"container\">\n\t\t\t\t\t<div class=\"e-con-inner\">\n\t\t<div class=\"elementor-element elementor-element-5650c8b e-con-full e-flex elementor-invisible e-con e-child\" data-id=\"5650c8b\" data-element_type=\"container\" data-e-type=\"container\" data-settings=\"{&quot;background_background&quot;:&quot;classic&quot;,&quot;animation&quot;:&quot;fadeInRight&quot;}\">\n\t\t\t\t<div class=\"elementor-element elementor-element-1d6c3be elementor-widget elementor-widget-heading\" data-id=\"1d6c3be\" data-element_type=\"widget\" data-e-type=\"widget\" data-widget_type=\"heading.default\">\n\t\t\t\t\t<h2 class=\"elementor-heading-title elementor-size-default\">Law, support, and trust!<\/h2>\t\t\t\t<\/div>\n\t\t\t\t<div class=\"elementor-element elementor-element-a73987d elementor-widget elementor-widget-text-editor\" data-id=\"a73987d\" data-element_type=\"widget\" data-e-type=\"widget\" data-widget_type=\"text-editor.default\">\n\t\t\t\t\t\t\t\t\t<p>I am a self-employed, generalist lawyer, originally from Cartagena, specializing in offering legal consultation services of all kinds, as well as providing legal services and legal assistance to my clients.<\/p>\t\t\t\t\t\t\t\t<\/div>\n\t\t\t\t<\/div>\n\t\t<div class=\"elementor-element elementor-element-648339b e-con-full e-flex elementor-invisible e-con e-child\" data-id=\"648339b\" data-element_type=\"container\" data-e-type=\"container\" data-settings=\"{&quot;background_background&quot;:&quot;classic&quot;,&quot;animation&quot;:&quot;fadeInLeft&quot;}\">\n\t\t\t\t<div class=\"elementor-element elementor-element-7e08d97 elementor-widget elementor-widget-image\" data-id=\"7e08d97\" data-element_type=\"widget\" data-e-type=\"widget\" data-widget_type=\"image.default\">\n\t\t\t\t\t\t\t\t\t\t\t\t\t\t\t<img fetchpriority=\"high\" decoding=\"async\" width=\"800\" height=\"534\" src=\"https:\/\/begogarciaabogada.com\/wp-content\/uploads\/2026\/03\/judge-gavel-with-justice-at-law-firm-in-background-2026-01-05-00-40-45-utc-1024x683.jpg\" class=\"attachment-large size-large wp-image-192\" alt=\"\" srcset=\"https:\/\/begogarciaabogada.com\/wp-content\/uploads\/2026\/03\/judge-gavel-with-justice-at-law-firm-in-background-2026-01-05-00-40-45-utc-1024x683.jpg 1024w, https:\/\/begogarciaabogada.com\/wp-content\/uploads\/2026\/03\/judge-gavel-with-justice-at-law-firm-in-background-2026-01-05-00-40-45-utc-300x200.jpg 300w, https:\/\/begogarciaabogada.com\/wp-content\/uploads\/2026\/03\/judge-gavel-with-justice-at-law-firm-in-background-2026-01-05-00-40-45-utc-768x512.jpg 768w, https:\/\/begogarciaabogada.com\/wp-content\/uploads\/2026\/03\/judge-gavel-with-justice-at-law-firm-in-background-2026-01-05-00-40-45-utc-1536x1024.jpg 1536w, https:\/\/begogarciaabogada.com\/wp-content\/uploads\/2026\/03\/judge-gavel-with-justice-at-law-firm-in-background-2026-01-05-00-40-45-utc-2048x1365.jpg 2048w, https:\/\/begogarciaabogada.com\/wp-content\/uploads\/2026\/03\/judge-gavel-with-justice-at-law-firm-in-background-2026-01-05-00-40-45-utc-18x12.jpg 18w\" sizes=\"(max-width: 800px) 100vw, 800px\" \/>\t\t\t\t\t\t\t\t\t\t\t\t\t\t\t<\/div>\n\t\t\t\t<\/div>\n\t\t\t\t\t<\/div>\n\t\t\t\t<\/div>\n\t\t<div class=\"elementor-element elementor-element-927bbc8 e-con-full e-flex e-con e-parent\" data-id=\"927bbc8\" data-element_type=\"container\" data-e-type=\"container\" data-settings=\"{&quot;background_background&quot;:&quot;classic&quot;}\">\n\t\t\t\t<div class=\"elementor-element elementor-element-f1d6739 elementor-widget-tablet__width-initial elementor-invisible elementor-widget elementor-widget-heading\" data-id=\"f1d6739\" data-element_type=\"widget\" data-e-type=\"widget\" data-settings=\"{&quot;_animation&quot;:&quot;fadeInLeft&quot;}\" data-widget_type=\"heading.default\">\n\t\t\t\t\t<h3 class=\"elementor-heading-title elementor-size-default\">We will accompany you with responsibility and firmness in every legal process!<\/h3>\t\t\t\t<\/div>\n\t\t\t\t<div class=\"elementor-element elementor-element-cdff215 elementor-align-center elementor-tablet-align-left elementor-invisible elementor-widget elementor-widget-button\" data-id=\"cdff215\" data-element_type=\"widget\" data-e-type=\"widget\" data-settings=\"{&quot;_animation&quot;:&quot;fadeInLeft&quot;}\" data-widget_type=\"button.default\">\n\t\t\t\t\t\t\t\t\t\t<a class=\"elementor-button elementor-button-link elementor-size-sm elementor-animation-grow\" href=\"\/en\/servicios\/\">\n\t\t\t\t\t\t<span class=\"elementor-button-content-wrapper\">\n\t\t\t\t\t\t\t\t\t<span class=\"elementor-button-text\">Services<\/span>\n\t\t\t\t\t<\/span>\n\t\t\t\t\t<\/a>\n\t\t\t\t\t\t\t\t<\/div>\n\t\t\t\t<\/div>\n\t\t<div class=\"elementor-element elementor-element-7c5ae04 e-flex e-con-boxed e-con e-parent\" data-id=\"7c5ae04\" data-element_type=\"container\" data-e-type=\"container\">\n\t\t\t\t\t<div class=\"e-con-inner\">\n\t\t<div class=\"elementor-element elementor-element-8b4c297 e-con-full e-flex elementor-invisible e-con e-child\" data-id=\"8b4c297\" data-element_type=\"container\" data-e-type=\"container\" data-settings=\"{&quot;background_background&quot;:&quot;classic&quot;,&quot;animation&quot;:&quot;fadeInLeft&quot;}\">\n\t\t\t\t<div class=\"elementor-element elementor-element-693eaf7 elementor-widget elementor-widget-image\" data-id=\"693eaf7\" data-element_type=\"widget\" data-e-type=\"widget\" data-widget_type=\"image.default\">\n\t\t\t\t\t\t\t\t\t\t\t\t\t\t\t<img decoding=\"async\" width=\"800\" height=\"450\" src=\"https:\/\/begogarciaabogada.com\/wp-content\/uploads\/2026\/03\/lawyer-and-client-shake-hands-2026-01-07-01-01-15-utc-1024x576.jpg\" class=\"attachment-large size-large wp-image-189\" alt=\"\" srcset=\"https:\/\/begogarciaabogada.com\/wp-content\/uploads\/2026\/03\/lawyer-and-client-shake-hands-2026-01-07-01-01-15-utc-1024x576.jpg 1024w, https:\/\/begogarciaabogada.com\/wp-content\/uploads\/2026\/03\/lawyer-and-client-shake-hands-2026-01-07-01-01-15-utc-300x169.jpg 300w, https:\/\/begogarciaabogada.com\/wp-content\/uploads\/2026\/03\/lawyer-and-client-shake-hands-2026-01-07-01-01-15-utc-768x432.jpg 768w, https:\/\/begogarciaabogada.com\/wp-content\/uploads\/2026\/03\/lawyer-and-client-shake-hands-2026-01-07-01-01-15-utc-1536x864.jpg 1536w, https:\/\/begogarciaabogada.com\/wp-content\/uploads\/2026\/03\/lawyer-and-client-shake-hands-2026-01-07-01-01-15-utc-2048x1152.jpg 2048w, https:\/\/begogarciaabogada.com\/wp-content\/uploads\/2026\/03\/lawyer-and-client-shake-hands-2026-01-07-01-01-15-utc-18x10.jpg 18w\" sizes=\"(max-width: 800px) 100vw, 800px\" \/>\t\t\t\t\t\t\t\t\t\t\t\t\t\t\t<\/div>\n\t\t\t\t<\/div>\n\t\t<div class=\"elementor-element elementor-element-97db8d5 e-con-full e-flex elementor-invisible e-con e-child\" data-id=\"97db8d5\" data-element_type=\"container\" data-e-type=\"container\" data-settings=\"{&quot;background_background&quot;:&quot;classic&quot;,&quot;animation&quot;:&quot;fadeInRight&quot;}\">\n\t\t\t\t<div class=\"elementor-element elementor-element-6e12f10 elementor-widget elementor-widget-heading\" data-id=\"6e12f10\" data-element_type=\"widget\" data-e-type=\"widget\" data-widget_type=\"heading.default\">\n\t\t\t\t\t<h2 class=\"elementor-heading-title elementor-size-default\">Commitment, strategy, and justice!<\/h2>\t\t\t\t<\/div>\n\t\t\t\t<div class=\"elementor-element elementor-element-5b1ae54 elementor-widget elementor-widget-text-editor\" data-id=\"5b1ae54\" data-element_type=\"widget\" data-e-type=\"widget\" data-widget_type=\"text-editor.default\">\n\t\t\t\t\t\t\t\t\t<p>I dedicate myself to helping individuals and companies resolve their legal problems effectively and professionally, always guaranteeing a personalized approach in each case.<\/p>\t\t\t\t\t\t\t\t<\/div>\n\t\t\t\t<\/div>\n\t\t\t\t\t<\/div>\n\t\t\t\t<\/div>\n\t\t\t\t<\/div>","protected":false},"excerpt":{"rendered":"<p>Abogac\u00eda y asesoramiento jur\u00eddico \u00a1Ley, apoyo y confianza! Soy una abogada aut\u00f3noma, generalista, originaria de Cartagena, especializada en ofrecer servicios de consultas legales de todo tipo, as\u00ed como en brindar servicios jur\u00eddicos y asistencia legal a mis clientes. \u00a1Te acompa\u00f1amos con responsabilidad y firmeza en cada proceso legal! Servicios \u00a1Compromiso, estrategia y justicia! Me dedico [&hellip;]<\/p>\n","protected":false},"author":1,"featured_media":0,"parent":0,"menu_order":0,"comment_status":"closed","ping_status":"closed","template":"elementor_canvas","meta":{"footnotes":""},"class_list":["post-2","page","type-page","status-publish","hentry"],"yoast_head":"<!-- This site is optimized with the Yoast SEO plugin v27.3 - https:\/\/yoast.com\/product\/yoast-seo-wordpress\/ -->\n<title>Inicio - Bego\u00f1a Garc\u00eda Abogada<\/title>\n<meta name=\"robots\" content=\"index, follow, max-snippet:-1, max-image-preview:large, max-video-preview:-1\" \/>\n<link rel=\"canonical\" href=\"https:\/\/begogarciaabogada.com\/en\/\" \/>\n<meta property=\"og:locale\" content=\"en_GB\" \/>\n<meta property=\"og:type\" content=\"article\" \/>\n<meta property=\"og:title\" content=\"Inicio - Bego\u00f1a Garc\u00eda Abogada\" \/>\n<meta property=\"og:description\" content=\"Abogac\u00eda y asesoramiento jur\u00eddico \u00a1Ley, apoyo y confianza! Soy una abogada aut\u00f3noma, generalista, originaria de Cartagena, especializada en ofrecer servicios de consultas legales de todo tipo, as\u00ed como en brindar servicios jur\u00eddicos y asistencia legal a mis clientes. \u00a1Te acompa\u00f1amos con responsabilidad y firmeza en cada proceso legal! Servicios \u00a1Compromiso, estrategia y justicia! Me dedico [&hellip;]\" \/>\n<meta property=\"og:url\" content=\"https:\/\/begogarciaabogada.com\/en\/\" \/>\n<meta property=\"og:site_name\" content=\"Bego\u00f1a Garc\u00eda Abogada\" \/>\n<meta property=\"article:modified_time\" content=\"2026-03-18T10:01:25+00:00\" \/>\n<meta property=\"og:image\" content=\"https:\/\/begogarciaabogada.com\/wp-content\/uploads\/2026\/03\/judge-gavel-with-justice-at-law-firm-in-background-2026-01-05-00-40-45-utc-1024x683.jpg\" \/>\n<meta name=\"twitter:card\" content=\"summary_large_image\" \/>\n<meta name=\"twitter:label1\" content=\"Estimated reading time\" \/>\n\t<meta name=\"twitter:data1\" content=\"1 minute\" \/>\n<script type=\"application\/ld+json\" class=\"yoast-schema-graph\">{\"@context\":\"https:\\\/\\\/schema.org\",\"@graph\":[{\"@type\":\"WebPage\",\"@id\":\"https:\\\/\\\/begogarciaabogada.com\\\/\",\"url\":\"https:\\\/\\\/begogarciaabogada.com\\\/\",\"name\":\"Inicio - Bego\u00f1a Garc\u00eda Abogada\",\"isPartOf\":{\"@id\":\"https:\\\/\\\/begogarciaabogada.com\\\/#website\"},\"primaryImageOfPage\":{\"@id\":\"https:\\\/\\\/begogarciaabogada.com\\\/#primaryimage\"},\"image\":{\"@id\":\"https:\\\/\\\/begogarciaabogada.com\\\/#primaryimage\"},\"thumbnailUrl\":\"https:\\\/\\\/begogarciaabogada.com\\\/wp-content\\\/uploads\\\/2026\\\/03\\\/judge-gavel-with-justice-at-law-firm-in-background-2026-01-05-00-40-45-utc-1024x683.jpg\",\"datePublished\":\"2026-03-17T08:56:59+00:00\",\"dateModified\":\"2026-03-18T10:01:25+00:00\",\"breadcrumb\":{\"@id\":\"https:\\\/\\\/begogarciaabogada.com\\\/#breadcrumb\"},\"inLanguage\":\"en-GB\",\"potentialAction\":[{\"@type\":\"ReadAction\",\"target\":[\"https:\\\/\\\/begogarciaabogada.com\\\/\"]}]},{\"@type\":\"ImageObject\",\"inLanguage\":\"en-GB\",\"@id\":\"https:\\\/\\\/begogarciaabogada.com\\\/#primaryimage\",\"url\":\"https:\\\/\\\/begogarciaabogada.com\\\/wp-content\\\/uploads\\\/2026\\\/03\\\/judge-gavel-with-justice-at-law-firm-in-background-2026-01-05-00-40-45-utc-1024x683.jpg\",\"contentUrl\":\"https:\\\/\\\/begogarciaabogada.com\\\/wp-content\\\/uploads\\\/2026\\\/03\\\/judge-gavel-with-justice-at-law-firm-in-background-2026-01-05-00-40-45-utc-1024x683.jpg\"},{\"@type\":\"BreadcrumbList\",\"@id\":\"https:\\\/\\\/begogarciaabogada.com\\\/#breadcrumb\",\"itemListElement\":[{\"@type\":\"ListItem\",\"position\":1,\"name\":\"Portada\",\"item\":\"https:\\\/\\\/begogarciaabogada.com\\\/\"},{\"@type\":\"ListItem\",\"position\":2,\"name\":\"Inicio\"}]},{\"@type\":\"WebSite\",\"@id\":\"https:\\\/\\\/begogarciaabogada.com\\\/#website\",\"url\":\"https:\\\/\\\/begogarciaabogada.com\\\/\",\"name\":\"Bego\u00f1a Garc\u00eda Abogada\",\"description\":\"Bego\u00f1a Garc\u00eda Abogada \",\"publisher\":{\"@id\":\"https:\\\/\\\/begogarciaabogada.com\\\/#organization\"},\"potentialAction\":[{\"@type\":\"SearchAction\",\"target\":{\"@type\":\"EntryPoint\",\"urlTemplate\":\"https:\\\/\\\/begogarciaabogada.com\\\/?s={search_term_string}\"},\"query-input\":{\"@type\":\"PropertyValueSpecification\",\"valueRequired\":true,\"valueName\":\"search_term_string\"}}],\"inLanguage\":\"en-GB\"},{\"@type\":\"Organization\",\"@id\":\"https:\\\/\\\/begogarciaabogada.com\\\/#organization\",\"name\":\"Bego\u00f1a Garc\u00eda Abogada\",\"url\":\"https:\\\/\\\/begogarciaabogada.com\\\/\",\"logo\":{\"@type\":\"ImageObject\",\"inLanguage\":\"en-GB\",\"@id\":\"https:\\\/\\\/begogarciaabogada.com\\\/#\\\/schema\\\/logo\\\/image\\\/\",\"url\":\"https:\\\/\\\/begogarciaabogada.com\\\/wp-content\\\/uploads\\\/2026\\\/03\\\/logo_web.png\",\"contentUrl\":\"https:\\\/\\\/begogarciaabogada.com\\\/wp-content\\\/uploads\\\/2026\\\/03\\\/logo_web.png\",\"width\":2250,\"height\":1177,\"caption\":\"Bego\u00f1a Garc\u00eda Abogada \"},\"image\":{\"@id\":\"https:\\\/\\\/begogarciaabogada.com\\\/#\\\/schema\\\/logo\\\/image\\\/\"}}]}<\/script>\n<!-- \/ Yoast SEO plugin. -->","yoast_head_json":{"title":"Inicio - Bego\u00f1a Garc\u00eda Abogada","robots":{"index":"index","follow":"follow","max-snippet":"max-snippet:-1","max-image-preview":"max-image-preview:large","max-video-preview":"max-video-preview:-1"},"canonical":"https:\/\/begogarciaabogada.com\/en\/","og_locale":"en_GB","og_type":"article","og_title":"Inicio - Bego\u00f1a Garc\u00eda Abogada","og_description":"Abogac\u00eda y asesoramiento jur\u00eddico \u00a1Ley, apoyo y confianza! Soy una abogada aut\u00f3noma, generalista, originaria de Cartagena, especializada en ofrecer servicios de consultas legales de todo tipo, as\u00ed como en brindar servicios jur\u00eddicos y asistencia legal a mis clientes. \u00a1Te acompa\u00f1amos con responsabilidad y firmeza en cada proceso legal! Servicios \u00a1Compromiso, estrategia y justicia! Me dedico [&hellip;]","og_url":"https:\/\/begogarciaabogada.com\/en\/","og_site_name":"Bego\u00f1a Garc\u00eda Abogada","article_modified_time":"2026-03-18T10:01:25+00:00","og_image":[{"url":"https:\/\/begogarciaabogada.com\/wp-content\/uploads\/2026\/03\/judge-gavel-with-justice-at-law-firm-in-background-2026-01-05-00-40-45-utc-1024x683.jpg","type":"","width":"","height":""}],"twitter_card":"summary_large_image","twitter_misc":{"Estimated reading time":"1 minute"},"schema":{"@context":"https:\/\/schema.org","@graph":[{"@type":"WebPage","@id":"https:\/\/begogarciaabogada.com\/","url":"https:\/\/begogarciaabogada.com\/","name":"Inicio - Bego\u00f1a Garc\u00eda Abogada","isPartOf":{"@id":"https:\/\/begogarciaabogada.com\/#website"},"primaryImageOfPage":{"@id":"https:\/\/begogarciaabogada.com\/#primaryimage"},"image":{"@id":"https:\/\/begogarciaabogada.com\/#primaryimage"},"thumbnailUrl":"https:\/\/begogarciaabogada.com\/wp-content\/uploads\/2026\/03\/judge-gavel-with-justice-at-law-firm-in-background-2026-01-05-00-40-45-utc-1024x683.jpg","datePublished":"2026-03-17T08:56:59+00:00","dateModified":"2026-03-18T10:01:25+00:00","breadcrumb":{"@id":"https:\/\/begogarciaabogada.com\/#breadcrumb"},"inLanguage":"en-GB","potentialAction":[{"@type":"ReadAction","target":["https:\/\/begogarciaabogada.com\/"]}]},{"@type":"ImageObject","inLanguage":"en-GB","@id":"https:\/\/begogarciaabogada.com\/#primaryimage","url":"https:\/\/begogarciaabogada.com\/wp-content\/uploads\/2026\/03\/judge-gavel-with-justice-at-law-firm-in-background-2026-01-05-00-40-45-utc-1024x683.jpg","contentUrl":"https:\/\/begogarciaabogada.com\/wp-content\/uploads\/2026\/03\/judge-gavel-with-justice-at-law-firm-in-background-2026-01-05-00-40-45-utc-1024x683.jpg"},{"@type":"BreadcrumbList","@id":"https:\/\/begogarciaabogada.com\/#breadcrumb","itemListElement":[{"@type":"ListItem","position":1,"name":"Portada","item":"https:\/\/begogarciaabogada.com\/"},{"@type":"ListItem","position":2,"name":"Inicio"}]},{"@type":"WebSite","@id":"https:\/\/begogarciaabogada.com\/#website","url":"https:\/\/begogarciaabogada.com\/","name":"Bego\u00f1a Garc\u00eda Abogada","description":"Bego\u00f1a Garc\u00eda Abogada","publisher":{"@id":"https:\/\/begogarciaabogada.com\/#organization"},"potentialAction":[{"@type":"SearchAction","target":{"@type":"EntryPoint","urlTemplate":"https:\/\/begogarciaabogada.com\/?s={search_term_string}"},"query-input":{"@type":"PropertyValueSpecification","valueRequired":true,"valueName":"search_term_string"}}],"inLanguage":"en-GB"},{"@type":"Organization","@id":"https:\/\/begogarciaabogada.com\/#organization","name":"Bego\u00f1a Garc\u00eda Abogada","url":"https:\/\/begogarciaabogada.com\/","logo":{"@type":"ImageObject","inLanguage":"en-GB","@id":"https:\/\/begogarciaabogada.com\/#\/schema\/logo\/image\/","url":"https:\/\/begogarciaabogada.com\/wp-content\/uploads\/2026\/03\/logo_web.png","contentUrl":"https:\/\/begogarciaabogada.com\/wp-content\/uploads\/2026\/03\/logo_web.png","width":2250,"height":1177,"caption":"Bego\u00f1a Garc\u00eda Abogada "},"image":{"@id":"https:\/\/begogarciaabogada.com\/#\/schema\/logo\/image\/"}}]}},"_links":{"self":[{"href":"https:\/\/begogarciaabogada.com\/en\/wp-json\/wp\/v2\/pages\/2","targetHints":{"allow":["GET"]}}],"collection":[{"href":"https:\/\/begogarciaabogada.com\/en\/wp-json\/wp\/v2\/pages"}],"about":[{"href":"https:\/\/begogarciaabogada.com\/en\/wp-json\/wp\/v2\/types\/page"}],"author":[{"embeddable":true,"href":"https:\/\/begogarciaabogada.com\/en\/wp-json\/wp\/v2\/users\/1"}],"replies":[{"embeddable":true,"href":"https:\/\/begogarciaabogada.com\/en\/wp-json\/wp\/v2\/comments?post=2"}],"version-history":[{"count":124,"href":"https:\/\/begogarciaabogada.com\/en\/wp-json\/wp\/v2\/pages\/2\/revisions"}],"predecessor-version":[{"id":393,"href":"https:\/\/begogarciaabogada.com\/en\/wp-json\/wp\/v2\/pages\/2\/revisions\/393"}],"wp:attachment":[{"href":"https:\/\/begogarciaabogada.com\/en\/wp-json\/wp\/v2\/media?parent=2"}],"curies":[{"name":"wp","href":"https:\/\/api.w.org\/{rel}","templated":true}]}}